{"id":10,"date":"2020-08-03T10:41:15","date_gmt":"2020-08-03T10:41:15","guid":{"rendered":"https:\/\/berliner-rezepte.de\/?page_id=10"},"modified":"2020-08-03T13:57:53","modified_gmt":"2020-08-03T13:57:53","slug":"rezepte","status":"publish","type":"page","link":"https:\/\/berliner-rezepte.de\/","title":{"rendered":"Berliner Rezepte"},"content":{"rendered":"\n<p>Leckere Rezepte aus der Hauptstadt. Von klassischen Berliner Rezepten \u00fcber Street Food bis zu den neuesten Food Trends ist hier f\u00fcr jeden etwas dabei. Berlin steht niemals still. Irgendwo ist in der Deutschen Hauptstadt immer etwas los. In Berlin sind &#8211; nicht zu letzt durch das Aufeinandertreffen zahlreicher Kulturen &#8211; viele geniale Spezialit\u00e4ten entstanden. In diesem Food Blog sollen die klassischen Berliner Rezepte und Street Food Gerichte festgehlten werden.<\/p>\n\n\n\n<h2>Traditionelle Rezepte und Street Food aus Berlin<\/h2>\n\n\n\n<h3>Auf den Stra\u00dfen Berlins<\/h3>\n\n\n\n<p>Berlin hat eine eigene Street Food Szene mit vielen kleinen L\u00e4den, Buden, Food Trucks und St\u00e4nden. Wusstest Du zum Beispiel, dass der D\u00f6ner in Berlin erfunden wurde? Die heute gel\u00e4ufige Variante mit D\u00f6ner Kebap Fleisch und Salat im Fladenbrot, hat Ihren Ursprung in Berlin. Ich habe noch nie so viele D\u00f6nerbuden in einer Stra\u00dfe gesehen. Ein weiteres bekanntes Street Food neben dem D\u00f6ner ist die typische Berliner Currywurst, die in verschiedenen Sch\u00e4rfegraden angeboten wird.<\/p>\n\n\n\n<p>\u00dcber die beiden Klassiker des Berliner Street Foods hinaus findet man heute eine Vielzahl an verschiedenen Berliner Street Food Gerichten. Die Palette der Angebote reicht dabei von BBQ Gerichten und saftigen Burgern \u00fcber ausgefallene Orientalische, Asiatische sowie Mediterrane und Internationale Spezialit\u00e4ten bis zu S\u00fc\u00dfspeisen und Vegetarischen und Veganen Street Food K\u00f6stlichkeiten.<\/p>\n\n\n\n<h3>Traditionelle Gerichte<\/h3>\n\n\n\n<p>Desweiteren gibt es in und um Berlin viele traditionelle Gerichte wie Buletten, gep\u00f6keltes Eisbein, Kasseler und K\u00f6nigsberger Klopse. Au\u00dfer den Fleischgerichten werden in Berlin auch gerne Fischgerichte wie Rollmops, Brathering und Heringssalat gegessen. Gem\u00fcsesuppen wie Erbsensuppe oder Kartoffelsuppe und Eint\u00f6pfe wie beispielsweise Linseneintopf sind ebenfalls sehr beliebt. Historisch bedingt existiert eine Vielzahl an Rezepten aus der DDR und aus Schlesien und B\u00f6hmen. Die Stadt weist zudem eine regelrechte Brotzeit Kultur auf.<\/p>\n\n\n\n<h3>Berliner Brotzeit<\/h3>\n\n\n\n<p>Zur Brotzeit isst man in der Hauptstadt viel eingelegtes Gem\u00fcse, Fisch, Hackepeter und oftmals Schmalz. Berlin hat au\u00dferdem einige traditionelle Backwaren und Br\u00f6tchen zu bieten. So gibt es ein l\u00e4ngliches Br\u00f6tchen namens Kn\u00fcppel, Splitterbr\u00f6tchen und Schusterjungen sowie Schrippen.<\/p>\n\n\n\n<h3>S\u00fc\u00dfspeisen und Desserts<\/h3>\n\n\n\n<p>Ebenfalls erw\u00e4hnenswert ist die Auswahl an Berliner S\u00fc\u00dfspeisen. Besonders verbreitet sind die Berliner Pfannkuchen, die andernorts oft schlicht als Krapfen oder Berliner bekannt sind. Weitere Desserts und S\u00fc\u00dfspeisen aus Berlin sind Spritzkuchen, Rote Gr\u00fctze, Windbeutel und Berliner Luft.<\/p>\n\n\n<section class=\"cooked-recipe-search cooked-clearfix\"><form action=\"https:\/\/berliner-rezepte.de\/\" method=\"get\"><div class=\"cooked-fields-wrap cooked-1-search-fields\"><input class=\"cooked-browse-search\" type=\"text\" name=\"cooked_search_s\" value=\"\" placeholder=\"Rezept suchen...\" \/><a href=\"#\" class=\"cooked-browse-search-button\"><i class=\"cooked-icon cooked-icon-search\"><\/i><\/a><\/div><input type=\"hidden\" name=\"page_id\" value=\"10\"><span class=\"cooked-sortby-wrap\"><select class=\"cooked-sortby-select\" name=\"cooked_browse_sort_by\"><option value=\"date_desc\" selected>Neuestes zuerst<\/option><option value=\"date_asc\">\u00c4ltestes zuerst<\/option><option value=\"title_asc\">Alphabetisch (A-Z)<\/option><option value=\"title_desc\">Alphabetisch (Z-A)<\/option><option value=\"rating_desc\">Highest Rated<\/option><option value=\"rating_asc\">Lowest Rated<\/option><\/select><\/span><\/form><\/section><section id=\"cooked-recipe-list-1\" class=\"cooked-clearfix cooked-recipe-full cooked-recipe-loader cooked-columns-3\"><article id=\"cooked-recipe-14\" class=\"cooked-recipe has-post-thumbnail\"><div class=\"cooked-recipe-wrap\"><div class=\"cooked-recipe-thumb-wrap\"><a class=\"cooked-recipe-image\" href=\"https:\/\/berliner-rezepte.de\/index.php\/recipes\/berliner-currywurst\/\"><img width=\"1280\" height=\"853\" src=\"https:\/\/berliner-rezepte.de\/wp-content\/uploads\/2020\/08\/Berliner-Currywurst.jpg\" class=\"attachment-cooked-large size-cooked-large wp-post-image\" alt=\"Berliner Currywurst\" loading=\"lazy\" srcset=\"https:\/\/berliner-rezepte.de\/wp-content\/uploads\/2020\/08\/Berliner-Currywurst.jpg 1280w, https:\/\/berliner-rezepte.de\/wp-content\/uploads\/2020\/08\/Berliner-Currywurst-300x200.jpg 300w, https:\/\/berliner-rezepte.de\/wp-content\/uploads\/2020\/08\/Berliner-Currywurst-1024x682.jpg 1024w, https:\/\/berliner-rezepte.de\/wp-content\/uploads\/2020\/08\/Berliner-Currywurst-768x512.jpg 768w\" sizes=\"(max-width: 1280px) 100vw, 1280px\" \/><\/a><div class=\"cooked-recipe-content\"><div class=\"cooked-recipe-info cooked-clearfix\"><span class=\"cooked-favorite\"><a href=\"https:\/\/berliner-rezepte.de\/index.php\/recipes\/berliner-currywurst\/\" class=\"cooked-favorite-heart\"><i class=\"cooked-icon cooked-icon-heart cooked-icon-fw\"><\/i><\/a><\/span><span class=\"cooked-author\"><span class=\"cooked-author-avatar\"><img alt='' src='https:\/\/secure.gravatar.com\/avatar\/9f546dffb94093313c859ec4640ab602?s=96&#038;d=mm&#038;r=g' srcset='https:\/\/secure.gravatar.com\/avatar\/9f546dffb94093313c859ec4640ab602?s=96&#038;d=mm&#038;r=g 2x' class='avatar avatar-96 photo' height='96' width='96' loading='lazy'\/><\/span><strong class=\"cooked-meta-title\">Autor<\/strong><a href=\"https:\/\/berliner-rezepte.de\/index.php?page_id=10&#038;recipe_author=1\">Berliner Rezepte<\/a><\/span><span class=\"cooked-rating\" data-recipe-id=\"14\"><strong class=\"cooked-meta-title\">Rating<\/strong><span class=\"cooked-rating-stars\"><a href=\"https:\/\/berliner-rezepte.de\/index.php\/recipes\/berliner-currywurst\/\" class=\"cooked-rating-choice cooked-rating-star cooked-rating-star-empty\"><i class=\"cooked-icon cooked-icon-star\"><\/i><\/a><a href=\"https:\/\/berliner-rezepte.de\/index.php\/recipes\/berliner-currywurst\/\" class=\"cooked-rating-choice cooked-rating-star cooked-rating-star-empty\"><i class=\"cooked-icon cooked-icon-star\"><\/i><\/a><a href=\"https:\/\/berliner-rezepte.de\/index.php\/recipes\/berliner-currywurst\/\" class=\"cooked-rating-choice cooked-rating-star cooked-rating-star-empty\"><i class=\"cooked-icon cooked-icon-star\"><\/i><\/a><a href=\"https:\/\/berliner-rezepte.de\/index.php\/recipes\/berliner-currywurst\/\" class=\"cooked-rating-choice cooked-rating-star cooked-rating-star-empty\"><i class=\"cooked-icon cooked-icon-star\"><\/i><\/a><a href=\"https:\/\/berliner-rezepte.de\/index.php\/recipes\/berliner-currywurst\/\" class=\"cooked-rating-choice cooked-rating-star cooked-rating-star-empty\"><i class=\"cooked-icon cooked-icon-star\"><\/i><\/a><\/span><\/span><\/div><a class=\"cooked-recipe-name\" href=\"https:\/\/berliner-rezepte.de\/index.php\/recipes\/berliner-currywurst\/\">Berliner Currywurst<\/a><div class=\"cooked-recipe-content-top-fade\"><\/div><\/div><\/div><\/div><\/article><article id=\"cooked-recipe-7\" class=\"cooked-recipe has-post-thumbnail\"><div class=\"cooked-recipe-wrap\"><div class=\"cooked-recipe-thumb-wrap\"><a class=\"cooked-recipe-image\" href=\"https:\/\/berliner-rezepte.de\/index.php\/recipes\/berliner-test-rezept\/\"><img width=\"960\" height=\"639\" src=\"https:\/\/berliner-rezepte.de\/wp-content\/uploads\/2020\/08\/Berliner.jpg\" class=\"attachment-cooked-large size-cooked-large wp-post-image\" alt=\"Berliner\" loading=\"lazy\" srcset=\"https:\/\/berliner-rezepte.de\/wp-content\/uploads\/2020\/08\/Berliner.jpg 960w, https:\/\/berliner-rezepte.de\/wp-content\/uploads\/2020\/08\/Berliner-300x200.jpg 300w, https:\/\/berliner-rezepte.de\/wp-content\/uploads\/2020\/08\/Berliner-768x511.jpg 768w\" sizes=\"(max-width: 960px) 100vw, 960px\" \/><\/a><div class=\"cooked-recipe-content\"><div class=\"cooked-recipe-info cooked-clearfix\"><span class=\"cooked-favorite\"><a href=\"https:\/\/berliner-rezepte.de\/index.php\/recipes\/berliner-test-rezept\/\" class=\"cooked-favorite-heart\"><i class=\"cooked-icon cooked-icon-heart cooked-icon-fw\"><\/i><\/a><\/span><span class=\"cooked-author\"><span class=\"cooked-author-avatar\"><img alt='' src='https:\/\/secure.gravatar.com\/avatar\/9f546dffb94093313c859ec4640ab602?s=96&#038;d=mm&#038;r=g' srcset='https:\/\/secure.gravatar.com\/avatar\/9f546dffb94093313c859ec4640ab602?s=96&#038;d=mm&#038;r=g 2x' class='avatar avatar-96 photo' height='96' width='96' loading='lazy'\/><\/span><strong class=\"cooked-meta-title\">Autor<\/strong><a href=\"https:\/\/berliner-rezepte.de\/index.php?page_id=10&#038;recipe_author=1\">Berliner Rezepte<\/a><\/span><span class=\"cooked-rating\" data-recipe-id=\"7\"><strong class=\"cooked-meta-title\">Rating<\/strong><span class=\"cooked-rating-stars\"><a href=\"https:\/\/berliner-rezepte.de\/index.php\/recipes\/berliner-test-rezept\/\" class=\"cooked-rating-choice cooked-rating-star cooked-rating-star-empty\"><i class=\"cooked-icon cooked-icon-star\"><\/i><\/a><a href=\"https:\/\/berliner-rezepte.de\/index.php\/recipes\/berliner-test-rezept\/\" class=\"cooked-rating-choice cooked-rating-star cooked-rating-star-empty\"><i class=\"cooked-icon cooked-icon-star\"><\/i><\/a><a href=\"https:\/\/berliner-rezepte.de\/index.php\/recipes\/berliner-test-rezept\/\" class=\"cooked-rating-choice cooked-rating-star cooked-rating-star-empty\"><i class=\"cooked-icon cooked-icon-star\"><\/i><\/a><a href=\"https:\/\/berliner-rezepte.de\/index.php\/recipes\/berliner-test-rezept\/\" class=\"cooked-rating-choice cooked-rating-star cooked-rating-star-empty\"><i class=\"cooked-icon cooked-icon-star\"><\/i><\/a><a href=\"https:\/\/berliner-rezepte.de\/index.php\/recipes\/berliner-test-rezept\/\" class=\"cooked-rating-choice cooked-rating-star cooked-rating-star-empty\"><i class=\"cooked-icon cooked-icon-star\"><\/i><\/a><\/span><\/span><\/div><a class=\"cooked-recipe-name\" href=\"https:\/\/berliner-rezepte.de\/index.php\/recipes\/berliner-test-rezept\/\">Berliner Test Rezept<\/a><div class=\"cooked-recipe-content-top-fade\"><\/div><\/div><\/div><\/div><\/article><\/section>","protected":false},"excerpt":{"rendered":"<p>Leckere Rezepte aus der Hauptstadt. Von klassischen Berliner Rezepten \u00fcber Street Food bis zu den neuesten Food Trends ist hier f\u00fcr jeden etwas dabei. Berlin steht niemals still. Irgendwo ist in der Deutschen Hauptstadt immer etwas los. In Berlin sind &#8211; nicht zu letzt durch das Aufeinandertreffen zahlreicher Kulturen &#8211; viele geniale Spezialit\u00e4ten entstanden. In [&hellip;]<\/p>\n","protected":false},"author":1,"featured_media":0,"parent":0,"menu_order":0,"comment_status":"closed","ping_status":"closed","template":"","meta":[],"_links":{"self":[{"href":"https:\/\/berliner-rezepte.de\/index.php\/wp-json\/wp\/v2\/pages\/10"}],"collection":[{"href":"https:\/\/berliner-rezepte.de\/index.php\/wp-json\/wp\/v2\/pages"}],"about":[{"href":"https:\/\/berliner-rezepte.de\/index.php\/wp-json\/wp\/v2\/types\/page"}],"author":[{"embeddable":true,"href":"https:\/\/berliner-rezepte.de\/index.php\/wp-json\/wp\/v2\/users\/1"}],"replies":[{"embeddable":true,"href":"https:\/\/berliner-rezepte.de\/index.php\/wp-json\/wp\/v2\/comments?post=10"}],"version-history":[{"count":33,"href":"https:\/\/berliner-rezepte.de\/index.php\/wp-json\/wp\/v2\/pages\/10\/revisions"}],"predecessor-version":[{"id":62,"href":"https:\/\/berliner-rezepte.de\/index.php\/wp-json\/wp\/v2\/pages\/10\/revisions\/62"}],"wp:attachment":[{"href":"https:\/\/berliner-rezepte.de\/index.php\/wp-json\/wp\/v2\/media?parent=10"}],"curies":[{"name":"wp","href":"https:\/\/api.w.org\/{rel}","templated":true}]}}